{"id":4991,"date":"2019-02-16T11:45:07","date_gmt":"2019-02-16T10:45:07","guid":{"rendered":"http:\/\/impresiondigitalgranformato.es\/?post_type=product&#038;p=4991"},"modified":"2023-02-20T18:06:35","modified_gmt":"2023-02-20T17:06:35","slug":"nombre-rellenar-primera-comunion","status":"publish","type":"product","link":"https:\/\/impresiondigitalgranformato.es\/pt\/producto\/nombre-rellenar-primera-comunion\/","title":{"rendered":"Nombre para rellenar Mi Primera Comuni\u00f3n"},"content":{"rendered":"<p>Nombre para rellenar en la comuni\u00f3n + Nombre para decorar en la comuni\u00f3n.<\/p>\n<p>Fabricado en\u00a0Poliestireno expandido blanco de 20 kg\/m3<\/p>\n<p>Medidas:<\/p>\n<p>Longitud: depende del nombre.<\/p>\n<p>Anchura: 25 cm<\/p>\n<p>Altura: 12 cm<\/p>\n<p>&nbsp;<\/p>","protected":false},"excerpt":{"rendered":"<h3><span style=\"color: #570a21;\">Nombre para rellenar en la decoraci\u00f3n de la Primera Comuni\u00f3n<\/span><\/h3>\n<p>&nbsp;<\/p>\n<p>Precioso corcho personalizado con el nombre de su hijo\/a para decorar en la fiesta de su 1\u00aa Comuni\u00f3n.<\/p>\n<p>Puede rellenarlo de chuches, bombones, gominolas, petalos de flor &#8230;<\/p>\n<p>Medidas:<\/p>\n<p>Longitud: depende del nombre.<\/p>\n<p>Anchura: 25 cm<\/p>\n<p>Altura: 12 cm<\/p>\n<p><strong>Con la compra del nombre para rellenar en la comuni\u00f3n recibir\u00e1 tambi\u00e9n otro NOMBRE PARA DECORAR.<\/strong><\/p>\n<p><span style=\"color: #000080;\">*El precio var\u00eda si el nombre es compuesto o no.<\/span><\/p>","protected":false},"featured_media":4992,"comment_status":"open","ping_status":"closed","template":"","meta":[],"product_brand":[],"product_cat":[73],"product_tag":[],"class_list":{"0":"post-4991","1":"product","2":"type-product","3":"status-publish","4":"has-post-thumbnail","6":"product_cat-letras-decoracion-poliespan-comunion","8":"first","9":"outofstock","10":"taxable","11":"shipping-taxable","12":"product-type-simple"},"yoast_head":"<!-- This site is optimized with the Yoast SEO plugin v27.3 - https:\/\/yoast.com\/product\/yoast-seo-wordpress\/ -->\n<title>Nombre para rellenar Mi Primera Comuni\u00f3n - Los + baratos<\/title>\n<meta name=\"robots\" content=\"index, follow, max-snippet:-1, max-image-preview:large, max-video-preview:-1\" \/>\n<link rel=\"canonical\" href=\"https:\/\/impresiondigitalgranformato.es\/pt\/produto\/nombre-rellenar-primera-comunion\/\" \/>\n<meta property=\"og:locale\" content=\"pt_PT\" \/>\n<meta property=\"og:type\" content=\"article\" \/>\n<meta property=\"og:title\" content=\"Nombre para rellenar Mi Primera Comuni\u00f3n - Los + baratos\" \/>\n<meta property=\"og:description\" content=\"Nombre para rellenar en la decoraci\u00f3n de la Primera Comuni\u00f3n &nbsp;  Precioso corcho personalizado con el nombre de su hijo\/a para decorar en la fiesta de su 1\u00aa Comuni\u00f3n.  Puede rellenarlo de chuches, bombones, gominolas, petalos de flor ...  Medidas:  Longitud: depende del nombre.  Anchura: 25 cm  Altura: 12 cm  Con la compra del nombre para rellenar en la comuni\u00f3n recibir\u00e1 tambi\u00e9n otro NOMBRE PARA DECORAR.  *El precio var\u00eda si el nombre es compuesto o no.\" \/>\n<meta property=\"og:url\" content=\"https:\/\/impresiondigitalgranformato.es\/pt\/produto\/nombre-rellenar-primera-comunion\/\" \/>\n<meta property=\"og:site_name\" content=\"Los + baratos\" \/>\n<meta property=\"article:modified_time\" content=\"2023-02-20T17:06:35+00:00\" \/>\n<meta property=\"og:image\" content=\"http:\/\/impresiondigitalgranformato.es\/wp-content\/uploads\/2019\/02\/nombre-relleno-comunion.png\" \/>\n\t<meta property=\"og:image:width\" content=\"765\" \/>\n\t<meta property=\"og:image:height\" content=\"765\" \/>\n\t<meta property=\"og:image:type\" content=\"image\/png\" \/>\n<meta name=\"twitter:card\" content=\"summary_large_image\" \/>\n<meta name=\"twitter:label1\" content=\"Tempo estimado de leitura\" \/>\n\t<meta name=\"twitter:data1\" content=\"1 minuto\" \/>\n<script type=\"application\/ld+json\" class=\"yoast-schema-graph\">{\"@context\":\"https:\\\/\\\/schema.org\",\"@graph\":[{\"@type\":\"WebPage\",\"@id\":\"https:\\\/\\\/impresiondigitalgranformato.es\\\/producto\\\/nombre-rellenar-primera-comunion\\\/\",\"url\":\"https:\\\/\\\/impresiondigitalgranformato.es\\\/producto\\\/nombre-rellenar-primera-comunion\\\/\",\"name\":\"Nombre para rellenar Mi Primera Comuni\u00f3n - Los + baratos\",\"isPartOf\":{\"@id\":\"https:\\\/\\\/impresiondigitalgranformato.es\\\/#website\"},\"primaryImageOfPage\":{\"@id\":\"https:\\\/\\\/impresiondigitalgranformato.es\\\/producto\\\/nombre-rellenar-primera-comunion\\\/#primaryimage\"},\"image\":{\"@id\":\"https:\\\/\\\/impresiondigitalgranformato.es\\\/producto\\\/nombre-rellenar-primera-comunion\\\/#primaryimage\"},\"thumbnailUrl\":\"https:\\\/\\\/i0.wp.com\\\/impresiondigitalgranformato.es\\\/wp-content\\\/uploads\\\/2019\\\/02\\\/nombre-relleno-comunion.png?fit=765%2C765&ssl=1\",\"datePublished\":\"2019-02-16T10:45:07+00:00\",\"dateModified\":\"2023-02-20T17:06:35+00:00\",\"breadcrumb\":{\"@id\":\"https:\\\/\\\/impresiondigitalgranformato.es\\\/producto\\\/nombre-rellenar-primera-comunion\\\/#breadcrumb\"},\"inLanguage\":\"pt-PT\",\"potentialAction\":[{\"@type\":\"ReadAction\",\"target\":[\"https:\\\/\\\/impresiondigitalgranformato.es\\\/producto\\\/nombre-rellenar-primera-comunion\\\/\"]}]},{\"@type\":\"ImageObject\",\"inLanguage\":\"pt-PT\",\"@id\":\"https:\\\/\\\/impresiondigitalgranformato.es\\\/producto\\\/nombre-rellenar-primera-comunion\\\/#primaryimage\",\"url\":\"https:\\\/\\\/i0.wp.com\\\/impresiondigitalgranformato.es\\\/wp-content\\\/uploads\\\/2019\\\/02\\\/nombre-relleno-comunion.png?fit=765%2C765&ssl=1\",\"contentUrl\":\"https:\\\/\\\/i0.wp.com\\\/impresiondigitalgranformato.es\\\/wp-content\\\/uploads\\\/2019\\\/02\\\/nombre-relleno-comunion.png?fit=765%2C765&ssl=1\",\"width\":765,\"height\":765,\"caption\":\"nombre con chuches comunion\"},{\"@type\":\"BreadcrumbList\",\"@id\":\"https:\\\/\\\/impresiondigitalgranformato.es\\\/producto\\\/nombre-rellenar-primera-comunion\\\/#breadcrumb\",\"itemListElement\":[{\"@type\":\"ListItem\",\"position\":1,\"name\":\"Portada\",\"item\":\"https:\\\/\\\/impresiondigitalgranformato.es\\\/\"},{\"@type\":\"ListItem\",\"position\":2,\"name\":\"Productos\",\"item\":\"https:\\\/\\\/impresiondigitalgranformato.es\\\/venta-roll-up-banner\\\/\"},{\"@type\":\"ListItem\",\"position\":3,\"name\":\"Nombre para rellenar Mi Primera Comuni\u00f3n\"}]},{\"@type\":\"WebSite\",\"@id\":\"https:\\\/\\\/impresiondigitalgranformato.es\\\/#website\",\"url\":\"https:\\\/\\\/impresiondigitalgranformato.es\\\/\",\"name\":\"Los + baratos\",\"description\":\"impresi\u00f3n digital gran formato venta de roll up, banner, banderas, lonas, carteles, displays, publicidad\",\"publisher\":{\"@id\":\"https:\\\/\\\/impresiondigitalgranformato.es\\\/#organization\"},\"potentialAction\":[{\"@type\":\"SearchAction\",\"target\":{\"@type\":\"EntryPoint\",\"urlTemplate\":\"https:\\\/\\\/impresiondigitalgranformato.es\\\/?s={search_term_string}\"},\"query-input\":{\"@type\":\"PropertyValueSpecification\",\"valueRequired\":true,\"valueName\":\"search_term_string\"}}],\"inLanguage\":\"pt-PT\"},{\"@type\":\"Organization\",\"@id\":\"https:\\\/\\\/impresiondigitalgranformato.es\\\/#organization\",\"name\":\"Los + baratos\",\"url\":\"https:\\\/\\\/impresiondigitalgranformato.es\\\/\",\"logo\":{\"@type\":\"ImageObject\",\"inLanguage\":\"pt-PT\",\"@id\":\"https:\\\/\\\/impresiondigitalgranformato.es\\\/#\\\/schema\\\/logo\\\/image\\\/\",\"url\":\"https:\\\/\\\/i0.wp.com\\\/impresiondigitalgranformato.es\\\/wp-content\\\/uploads\\\/2016\\\/12\\\/cropped-logotipo-2-e1483373659766.png?fit=500%2C101&ssl=1\",\"contentUrl\":\"https:\\\/\\\/i0.wp.com\\\/impresiondigitalgranformato.es\\\/wp-content\\\/uploads\\\/2016\\\/12\\\/cropped-logotipo-2-e1483373659766.png?fit=500%2C101&ssl=1\",\"width\":500,\"height\":101,\"caption\":\"Los + baratos\"},\"image\":{\"@id\":\"https:\\\/\\\/impresiondigitalgranformato.es\\\/#\\\/schema\\\/logo\\\/image\\\/\"}}]}<\/script>\n<!-- \/ Yoast SEO plugin. -->","yoast_head_json":{"title":"Nombre para rellenar Mi Primera Comuni\u00f3n - Los + baratos","robots":{"index":"index","follow":"follow","max-snippet":"max-snippet:-1","max-image-preview":"max-image-preview:large","max-video-preview":"max-video-preview:-1"},"canonical":"https:\/\/impresiondigitalgranformato.es\/pt\/produto\/nombre-rellenar-primera-comunion\/","og_locale":"pt_PT","og_type":"article","og_title":"Nombre para rellenar Mi Primera Comuni\u00f3n - Los + baratos","og_description":"Nombre para rellenar en la decoraci\u00f3n de la Primera Comuni\u00f3n &nbsp;  Precioso corcho personalizado con el nombre de su hijo\/a para decorar en la fiesta de su 1\u00aa Comuni\u00f3n.  Puede rellenarlo de chuches, bombones, gominolas, petalos de flor ...  Medidas:  Longitud: depende del nombre.  Anchura: 25 cm  Altura: 12 cm  Con la compra del nombre para rellenar en la comuni\u00f3n recibir\u00e1 tambi\u00e9n otro NOMBRE PARA DECORAR.  *El precio var\u00eda si el nombre es compuesto o no.","og_url":"https:\/\/impresiondigitalgranformato.es\/pt\/produto\/nombre-rellenar-primera-comunion\/","og_site_name":"Los + baratos","article_modified_time":"2023-02-20T17:06:35+00:00","og_image":[{"width":765,"height":765,"url":"http:\/\/impresiondigitalgranformato.es\/wp-content\/uploads\/2019\/02\/nombre-relleno-comunion.png","type":"image\/png"}],"twitter_card":"summary_large_image","twitter_misc":{"Tempo estimado de leitura":"1 minuto"},"schema":{"@context":"https:\/\/schema.org","@graph":[{"@type":"WebPage","@id":"https:\/\/impresiondigitalgranformato.es\/producto\/nombre-rellenar-primera-comunion\/","url":"https:\/\/impresiondigitalgranformato.es\/producto\/nombre-rellenar-primera-comunion\/","name":"Nombre para rellenar Mi Primera Comuni\u00f3n - Los + baratos","isPartOf":{"@id":"https:\/\/impresiondigitalgranformato.es\/#website"},"primaryImageOfPage":{"@id":"https:\/\/impresiondigitalgranformato.es\/producto\/nombre-rellenar-primera-comunion\/#primaryimage"},"image":{"@id":"https:\/\/impresiondigitalgranformato.es\/producto\/nombre-rellenar-primera-comunion\/#primaryimage"},"thumbnailUrl":"https:\/\/i0.wp.com\/impresiondigitalgranformato.es\/wp-content\/uploads\/2019\/02\/nombre-relleno-comunion.png?fit=765%2C765&ssl=1","datePublished":"2019-02-16T10:45:07+00:00","dateModified":"2023-02-20T17:06:35+00:00","breadcrumb":{"@id":"https:\/\/impresiondigitalgranformato.es\/producto\/nombre-rellenar-primera-comunion\/#breadcrumb"},"inLanguage":"pt-PT","potentialAction":[{"@type":"ReadAction","target":["https:\/\/impresiondigitalgranformato.es\/producto\/nombre-rellenar-primera-comunion\/"]}]},{"@type":"ImageObject","inLanguage":"pt-PT","@id":"https:\/\/impresiondigitalgranformato.es\/producto\/nombre-rellenar-primera-comunion\/#primaryimage","url":"https:\/\/i0.wp.com\/impresiondigitalgranformato.es\/wp-content\/uploads\/2019\/02\/nombre-relleno-comunion.png?fit=765%2C765&ssl=1","contentUrl":"https:\/\/i0.wp.com\/impresiondigitalgranformato.es\/wp-content\/uploads\/2019\/02\/nombre-relleno-comunion.png?fit=765%2C765&ssl=1","width":765,"height":765,"caption":"nombre con chuches comunion"},{"@type":"BreadcrumbList","@id":"https:\/\/impresiondigitalgranformato.es\/producto\/nombre-rellenar-primera-comunion\/#breadcrumb","itemListElement":[{"@type":"ListItem","position":1,"name":"Portada","item":"https:\/\/impresiondigitalgranformato.es\/"},{"@type":"ListItem","position":2,"name":"Productos","item":"https:\/\/impresiondigitalgranformato.es\/venta-roll-up-banner\/"},{"@type":"ListItem","position":3,"name":"Nombre para rellenar Mi Primera Comuni\u00f3n"}]},{"@type":"WebSite","@id":"https:\/\/impresiondigitalgranformato.es\/#website","url":"https:\/\/impresiondigitalgranformato.es\/","name":"Os mais baratos","description":"impress\u00e3o digital de grande formato venda de roll up, banners, bandeiras, faixas, lonas, cartazes, expositores, an\u00fancios","publisher":{"@id":"https:\/\/impresiondigitalgranformato.es\/#organization"},"potentialAction":[{"@type":"SearchAction","target":{"@type":"EntryPoint","urlTemplate":"https:\/\/impresiondigitalgranformato.es\/?s={search_term_string}"},"query-input":{"@type":"PropertyValueSpecification","valueRequired":true,"valueName":"search_term_string"}}],"inLanguage":"pt-PT"},{"@type":"Organization","@id":"https:\/\/impresiondigitalgranformato.es\/#organization","name":"Os mais baratos","url":"https:\/\/impresiondigitalgranformato.es\/","logo":{"@type":"ImageObject","inLanguage":"pt-PT","@id":"https:\/\/impresiondigitalgranformato.es\/#\/schema\/logo\/image\/","url":"https:\/\/i0.wp.com\/impresiondigitalgranformato.es\/wp-content\/uploads\/2016\/12\/cropped-logotipo-2-e1483373659766.png?fit=500%2C101&ssl=1","contentUrl":"https:\/\/i0.wp.com\/impresiondigitalgranformato.es\/wp-content\/uploads\/2016\/12\/cropped-logotipo-2-e1483373659766.png?fit=500%2C101&ssl=1","width":500,"height":101,"caption":"Los + baratos"},"image":{"@id":"https:\/\/impresiondigitalgranformato.es\/#\/schema\/logo\/image\/"}}]}},"jetpack_sharing_enabled":true,"_links":{"self":[{"href":"https:\/\/impresiondigitalgranformato.es\/pt\/wp-json\/wp\/v2\/product\/4991","targetHints":{"allow":["GET"]}}],"collection":[{"href":"https:\/\/impresiondigitalgranformato.es\/pt\/wp-json\/wp\/v2\/product"}],"about":[{"href":"https:\/\/impresiondigitalgranformato.es\/pt\/wp-json\/wp\/v2\/types\/product"}],"replies":[{"embeddable":true,"href":"https:\/\/impresiondigitalgranformato.es\/pt\/wp-json\/wp\/v2\/comments?post=4991"}],"wp:featuredmedia":[{"embeddable":true,"href":"https:\/\/impresiondigitalgranformato.es\/pt\/wp-json\/wp\/v2\/media\/4992"}],"wp:attachment":[{"href":"https:\/\/impresiondigitalgranformato.es\/pt\/wp-json\/wp\/v2\/media?parent=4991"}],"wp:term":[{"taxonomy":"product_brand","embeddable":true,"href":"https:\/\/impresiondigitalgranformato.es\/pt\/wp-json\/wp\/v2\/product_brand?post=4991"},{"taxonomy":"product_cat","embeddable":true,"href":"https:\/\/impresiondigitalgranformato.es\/pt\/wp-json\/wp\/v2\/product_cat?post=4991"},{"taxonomy":"product_tag","embeddable":true,"href":"https:\/\/impresiondigitalgranformato.es\/pt\/wp-json\/wp\/v2\/product_tag?post=4991"}],"curies":[{"name":"wp","href":"https:\/\/api.w.org\/{rel}","templated":true}]}}