{"id":5447,"date":"2019-09-04T19:04:04","date_gmt":"2019-09-04T17:04:04","guid":{"rendered":"http:\/\/impresiondigitalgranformato.es\/?post_type=product&#038;p=5447"},"modified":"2025-07-04T18:09:10","modified_gmt":"2025-07-04T16:09:10","slug":"rollup-economico-standard","status":"publish","type":"product","link":"https:\/\/impresiondigitalgranformato.es\/pt\/producto\/rollup-economico-estandar\/","title":{"rendered":"rollup standard"},"content":{"rendered":"<p><strong>Rollup econ\u00f3mico standard<\/strong><\/p>\n<p>Estrutura em alum\u00ednio<\/p>\n<p>Gr\u00e1ficos impressos digitalmente em tela de pvc fundido de 450 gr. (para evitar rasg\u00f5es).<\/p>\n<p>inclui saco de transporte.<\/p>\n<p>Este rollup standard econ\u00f3mico \u00e9 ideal para a promo\u00e7\u00e3o de produtos e\/ou servi\u00e7os em lojas, salas de espera, escrit\u00f3rios ...<\/p>\n<p>Apesar de ser um roll up barato, a sua estrutura em alum\u00ednio confere-lhe uma grande estabilidade e resist\u00eancia, o seu grafismo \u00e9 feito em lona para uma maior durabilidade na extens\u00e3o e recolha do grafismo.<\/p>\n<p>Saco de transporte em nylon inclu\u00eddo.<\/p>\n<p>Pode escolher entre v\u00e1rios tamanhos de enrolamento de acordo com as suas necessidades (60 x 160 cm, 60 x 200 cm, 80 x 200 cm, 85 x 200 cm, 100 x 200 cm e 120 x 200 cm).<\/p>\n<h4>Este modelo de rollup<\/h4>\n<p>\u00c9 o mais vendido porque a sua qualidade excede em muito o seu baixo pre\u00e7o. A sua utiliza\u00e7\u00e3o destina-se \u00e0 exposi\u00e7\u00e3o em lojas, centros comerciais, escrit\u00f3rios... mas se a ideia \u00e9 que o rollup se desloque de um local para outro, aconselhamos a aquisi\u00e7\u00e3o do modelo <a href=\"https:\/\/impresiondigitalgranformato.es\/pt\/produto\/rollup-premium-economico\/\" target=\"_blank\" rel=\"noopener\">PREMIUM<\/a>. Este modelo \u00e9 muito mais duradouro, uma vez que a sua estrutura \u00e9 muito mais forte, e a sua qualidade \u00e9 muito superior ao seu baixo pre\u00e7o.<\/p>\n<p>Montar o roll up e desmont\u00e1-lo em menos de 1 minuto ver o nosso <a href=\"https:\/\/youtu.be\/CzxTezp89kc\" target=\"_blank\" rel=\"noopener\">v\u00eddeo de montagem<\/a>.<\/p>\n<p><span style=\"color: #ff0000;\">DESCONTOS POR QUANTIDADE !!!<\/span><\/p>\n<p><strong>Este produto pode ser entregue em 24 horas*.<\/strong><\/p>\n<p><strong>**<\/strong> da 1\u00aa unidade<\/p>\n<p data-pbs-phone-margin-bottom=\"18px\"><span style=\"color: #000080;\"><strong>Diferentes tipos de transporte:<\/strong><\/span><\/p>\n<p data-pbs-phone-margin-bottom=\"18px\"><strong>Produ\u00e7\u00e3o e entrega no prazo de 1 dia \u00fatil <\/strong>(*este servi\u00e7o s\u00f3 \u00e9 v\u00e1lido para encomendas confirmadas antes das 11h30 do dia em curso).<\/p>\n<p data-pbs-phone-margin-bottom=\"18px\"><strong>Produ\u00e7\u00e3o e entrega no prazo de 2 dias \u00fateis<\/strong><\/p>\n<p data-pbs-phone-margin-bottom=\"18px\"><strong>Produ\u00e7\u00e3o e entrega no prazo de 4 dias \u00fateis<\/strong><\/p>\n<p data-pbs-phone-margin-bottom=\"18px\"><strong>Produ\u00e7\u00e3o e entrega no prazo de 8 dias \u00fateis<\/strong><\/p>\n<p data-pbs-phone-margin-bottom=\"18px\">","protected":false},"excerpt":{"rendered":"<p>&nbsp;<\/p>\n<h3>O MAIS VENDIDO!<\/h3>\n<p>Este rollup econ\u00f3mico \u00e9 ideal para a promo\u00e7\u00e3o de produtos e\/ou servi\u00e7os em lojas, salas de espera, escrit\u00f3rios, ...<\/p>\n<p>Apesar de ser um roll up barato, a sua estrutura em alum\u00ednio confere-lhe uma grande estabilidade e resist\u00eancia, o seu grafismo \u00e9 feito em lona para uma maior durabilidade na extens\u00e3o e recolha do grafismo.<\/p>\n<p>Saco de transporte em nylon inclu\u00eddo.<\/p>\n<p><span style=\"color: #ff0000;\">DESCONTOS POR QUANTIDADE !!!\u00a0<\/span><\/p>\n<p><strong>(ver tabela de pre\u00e7os)<\/strong><\/p>\n<p><strong>Envio gratuito<\/strong>\u00a0da 1\u00aa unidade<\/p>\n<p>Este produto pode ser entregue no prazo de 24 horas<strong>*<\/strong><\/p>\n<p><a href=\"https:\/\/impresiondigitalgranformato.es\/pt\/roll-up\/\"><img loading=\"lazy\" decoding=\"async\" class=\"size-full wp-image-12936 aligncenter\" src=\"https:\/\/impresiondigitalgranformato.es\/wp-content\/uploads\/2019\/09\/impresion-digital-mas-modelos.png\" alt=\"impress\u00e3o digital mais modelos\" width=\"468\" height=\"61\" srcset=\"https:\/\/i0.wp.com\/impresiondigitalgranformato.es\/wp-content\/uploads\/2019\/09\/impresion-digital-mas-modelos.png?w=468&amp;ssl=1 468w, https:\/\/i0.wp.com\/impresiondigitalgranformato.es\/wp-content\/uploads\/2019\/09\/impresion-digital-mas-modelos.png?resize=100%2C13&amp;ssl=1 100w, https:\/\/i0.wp.com\/impresiondigitalgranformato.es\/wp-content\/uploads\/2019\/09\/impresion-digital-mas-modelos.png?resize=150%2C20&amp;ssl=1 150w, https:\/\/i0.wp.com\/impresiondigitalgranformato.es\/wp-content\/uploads\/2019\/09\/impresion-digital-mas-modelos.png?resize=200%2C26&amp;ssl=1 200w, https:\/\/i0.wp.com\/impresiondigitalgranformato.es\/wp-content\/uploads\/2019\/09\/impresion-digital-mas-modelos.png?resize=300%2C39&amp;ssl=1 300w, https:\/\/i0.wp.com\/impresiondigitalgranformato.es\/wp-content\/uploads\/2019\/09\/impresion-digital-mas-modelos.png?resize=450%2C59&amp;ssl=1 450w\" sizes=\"auto, (max-width: 468px) 100vw, 468px\" \/><\/a><\/p>","protected":false},"featured_media":5448,"comment_status":"open","ping_status":"closed","template":"","meta":[],"product_brand":[],"product_cat":[24],"product_tag":[],"class_list":{"0":"post-5447","1":"product","2":"type-product","3":"status-publish","4":"has-post-thumbnail","6":"product_cat-roll-up-baratos","8":"first","9":"instock","10":"sold-individually","11":"taxable","12":"shipping-taxable","13":"purchasable","14":"product-type-simple"},"yoast_head":"<!-- This site is optimized with the Yoast SEO plugin v27.4 - https:\/\/yoast.com\/product\/yoast-seo-wordpress\/ -->\n<title>Rollup Econ\u00f3mico Est\u00e1ndar - Env\u00edo Gratuito - Los + baratos - desde 23 \u20ac<\/title>\n<meta name=\"description\" content=\"Rollup econ\u00f3mico est\u00e1ndar, estructura de Aluminio, grafica del Rollup econ\u00f3mico realizada en impresion digital de alta calidad, bolsa de transporte en nyl\u00f3n\" \/>\n<meta name=\"robots\" content=\"index, follow, max-snippet:-1, max-image-preview:large, max-video-preview:-1\" \/>\n<link rel=\"canonical\" href=\"https:\/\/impresiondigitalgranformato.es\/pt\/produto\/rollup-economico-standard\/\" \/>\n<meta property=\"og:locale\" content=\"pt_PT\" \/>\n<meta property=\"og:type\" content=\"article\" \/>\n<meta property=\"og:title\" content=\"Rollup Econ\u00f3mico Est\u00e1ndar - Env\u00edo Gratuito - Los + baratos - desde 23 \u20ac\" \/>\n<meta property=\"og:description\" content=\"Rollup econ\u00f3mico est\u00e1ndar, estructura de Aluminio, grafica del Rollup econ\u00f3mico realizada en impresion digital de alta calidad, bolsa de transporte en nyl\u00f3n\" \/>\n<meta property=\"og:url\" content=\"https:\/\/impresiondigitalgranformato.es\/pt\/produto\/rollup-economico-standard\/\" \/>\n<meta property=\"og:site_name\" content=\"Los + baratos\" \/>\n<meta property=\"article:modified_time\" content=\"2025-07-04T16:09:10+00:00\" \/>\n<meta property=\"og:image\" content=\"http:\/\/impresiondigitalgranformato.es\/wp-content\/uploads\/2019\/09\/rollup-economico-estandar.png\" \/>\n\t<meta property=\"og:image:width\" content=\"473\" \/>\n\t<meta property=\"og:image:height\" content=\"473\" \/>\n\t<meta property=\"og:image:type\" content=\"image\/png\" \/>\n<meta name=\"twitter:card\" content=\"summary_large_image\" \/>\n<meta name=\"twitter:label1\" content=\"Tempo estimado de leitura\" \/>\n\t<meta name=\"twitter:data1\" content=\"2 minutos\" \/>\n<script type=\"application\/ld+json\" class=\"yoast-schema-graph\">{\"@context\":\"https:\\\/\\\/schema.org\",\"@graph\":[{\"@type\":\"WebPage\",\"@id\":\"https:\\\/\\\/impresiondigitalgranformato.es\\\/producto\\\/rollup-economico-estandar\\\/\",\"url\":\"https:\\\/\\\/impresiondigitalgranformato.es\\\/producto\\\/rollup-economico-estandar\\\/\",\"name\":\"Rollup Econ\u00f3mico Est\u00e1ndar - Env\u00edo Gratuito - Los + baratos - desde 23 \u20ac\",\"isPartOf\":{\"@id\":\"https:\\\/\\\/impresiondigitalgranformato.es\\\/#website\"},\"primaryImageOfPage\":{\"@id\":\"https:\\\/\\\/impresiondigitalgranformato.es\\\/producto\\\/rollup-economico-estandar\\\/#primaryimage\"},\"image\":{\"@id\":\"https:\\\/\\\/impresiondigitalgranformato.es\\\/producto\\\/rollup-economico-estandar\\\/#primaryimage\"},\"thumbnailUrl\":\"https:\\\/\\\/i0.wp.com\\\/impresiondigitalgranformato.es\\\/wp-content\\\/uploads\\\/2019\\\/09\\\/rollup-economico-estandar.png?fit=473%2C473&ssl=1\",\"datePublished\":\"2019-09-04T17:04:04+00:00\",\"dateModified\":\"2025-07-04T16:09:10+00:00\",\"description\":\"Rollup econ\u00f3mico est\u00e1ndar, estructura de Aluminio, grafica del Rollup econ\u00f3mico realizada en impresion digital de alta calidad, bolsa de transporte en nyl\u00f3n\",\"breadcrumb\":{\"@id\":\"https:\\\/\\\/impresiondigitalgranformato.es\\\/producto\\\/rollup-economico-estandar\\\/#breadcrumb\"},\"inLanguage\":\"pt-PT\",\"potentialAction\":[{\"@type\":\"ReadAction\",\"target\":[\"https:\\\/\\\/impresiondigitalgranformato.es\\\/producto\\\/rollup-economico-estandar\\\/\"]}]},{\"@type\":\"ImageObject\",\"inLanguage\":\"pt-PT\",\"@id\":\"https:\\\/\\\/impresiondigitalgranformato.es\\\/producto\\\/rollup-economico-estandar\\\/#primaryimage\",\"url\":\"https:\\\/\\\/i0.wp.com\\\/impresiondigitalgranformato.es\\\/wp-content\\\/uploads\\\/2019\\\/09\\\/rollup-economico-estandar.png?fit=473%2C473&ssl=1\",\"contentUrl\":\"https:\\\/\\\/i0.wp.com\\\/impresiondigitalgranformato.es\\\/wp-content\\\/uploads\\\/2019\\\/09\\\/rollup-economico-estandar.png?fit=473%2C473&ssl=1\",\"width\":473,\"height\":473,\"caption\":\"rollup econ\u00f3mico est\u00e1ndar\"},{\"@type\":\"BreadcrumbList\",\"@id\":\"https:\\\/\\\/impresiondigitalgranformato.es\\\/producto\\\/rollup-economico-estandar\\\/#breadcrumb\",\"itemListElement\":[{\"@type\":\"ListItem\",\"position\":1,\"name\":\"Portada\",\"item\":\"https:\\\/\\\/impresiondigitalgranformato.es\\\/\"},{\"@type\":\"ListItem\",\"position\":2,\"name\":\"Productos\",\"item\":\"https:\\\/\\\/impresiondigitalgranformato.es\\\/venta-roll-up-banner\\\/\"},{\"@type\":\"ListItem\",\"position\":3,\"name\":\"rollup est\u00e1ndar\"}]},{\"@type\":\"WebSite\",\"@id\":\"https:\\\/\\\/impresiondigitalgranformato.es\\\/#website\",\"url\":\"https:\\\/\\\/impresiondigitalgranformato.es\\\/\",\"name\":\"Los + baratos\",\"description\":\"impresi\u00f3n digital gran formato venta de roll up, banner, banderas, lonas, carteles, displays, publicidad\",\"publisher\":{\"@id\":\"https:\\\/\\\/impresiondigitalgranformato.es\\\/#organization\"},\"potentialAction\":[{\"@type\":\"SearchAction\",\"target\":{\"@type\":\"EntryPoint\",\"urlTemplate\":\"https:\\\/\\\/impresiondigitalgranformato.es\\\/?s={search_term_string}\"},\"query-input\":{\"@type\":\"PropertyValueSpecification\",\"valueRequired\":true,\"valueName\":\"search_term_string\"}}],\"inLanguage\":\"pt-PT\"},{\"@type\":\"Organization\",\"@id\":\"https:\\\/\\\/impresiondigitalgranformato.es\\\/#organization\",\"name\":\"Los + baratos\",\"url\":\"https:\\\/\\\/impresiondigitalgranformato.es\\\/\",\"logo\":{\"@type\":\"ImageObject\",\"inLanguage\":\"pt-PT\",\"@id\":\"https:\\\/\\\/impresiondigitalgranformato.es\\\/#\\\/schema\\\/logo\\\/image\\\/\",\"url\":\"https:\\\/\\\/i0.wp.com\\\/impresiondigitalgranformato.es\\\/wp-content\\\/uploads\\\/2016\\\/12\\\/cropped-logotipo-2-e1483373659766.png?fit=500%2C101&ssl=1\",\"contentUrl\":\"https:\\\/\\\/i0.wp.com\\\/impresiondigitalgranformato.es\\\/wp-content\\\/uploads\\\/2016\\\/12\\\/cropped-logotipo-2-e1483373659766.png?fit=500%2C101&ssl=1\",\"width\":500,\"height\":101,\"caption\":\"Los + baratos\"},\"image\":{\"@id\":\"https:\\\/\\\/impresiondigitalgranformato.es\\\/#\\\/schema\\\/logo\\\/image\\\/\"}}]}<\/script>\n<!-- \/ Yoast SEO plugin. -->","yoast_head_json":{"title":"Rollup econ\u00f3mico standard - Envio gratuito - O mais barato - a partir de 23 \u20ac - a partir de 23 \u20ac","description":"Rollup econ\u00f3mico standard, estrutura em alum\u00ednio, gr\u00e1ficos Economy Rollup impressos digitalmente de alta qualidade, saco de transporte em nylon.","robots":{"index":"index","follow":"follow","max-snippet":"max-snippet:-1","max-image-preview":"max-image-preview:large","max-video-preview":"max-video-preview:-1"},"canonical":"https:\/\/impresiondigitalgranformato.es\/pt\/produto\/rollup-economico-standard\/","og_locale":"pt_PT","og_type":"article","og_title":"Rollup Econ\u00f3mico Est\u00e1ndar - Env\u00edo Gratuito - Los + baratos - desde 23 \u20ac","og_description":"Rollup econ\u00f3mico est\u00e1ndar, estructura de Aluminio, grafica del Rollup econ\u00f3mico realizada en impresion digital de alta calidad, bolsa de transporte en nyl\u00f3n","og_url":"https:\/\/impresiondigitalgranformato.es\/pt\/produto\/rollup-economico-standard\/","og_site_name":"Los + baratos","article_modified_time":"2025-07-04T16:09:10+00:00","og_image":[{"width":473,"height":473,"url":"http:\/\/impresiondigitalgranformato.es\/wp-content\/uploads\/2019\/09\/rollup-economico-estandar.png","type":"image\/png"}],"twitter_card":"summary_large_image","twitter_misc":{"Tempo estimado de leitura":"2 minutos"},"schema":{"@context":"https:\/\/schema.org","@graph":[{"@type":"WebPage","@id":"https:\/\/impresiondigitalgranformato.es\/producto\/rollup-economico-estandar\/","url":"https:\/\/impresiondigitalgranformato.es\/producto\/rollup-economico-estandar\/","name":"Rollup econ\u00f3mico standard - Envio gratuito - O mais barato - a partir de 23 \u20ac - a partir de 23 \u20ac","isPartOf":{"@id":"https:\/\/impresiondigitalgranformato.es\/#website"},"primaryImageOfPage":{"@id":"https:\/\/impresiondigitalgranformato.es\/producto\/rollup-economico-estandar\/#primaryimage"},"image":{"@id":"https:\/\/impresiondigitalgranformato.es\/producto\/rollup-economico-estandar\/#primaryimage"},"thumbnailUrl":"https:\/\/i0.wp.com\/impresiondigitalgranformato.es\/wp-content\/uploads\/2019\/09\/rollup-economico-estandar.png?fit=473%2C473&ssl=1","datePublished":"2019-09-04T17:04:04+00:00","dateModified":"2025-07-04T16:09:10+00:00","description":"Rollup econ\u00f3mico standard, estrutura em alum\u00ednio, gr\u00e1ficos Economy Rollup impressos digitalmente de alta qualidade, saco de transporte em nylon.","breadcrumb":{"@id":"https:\/\/impresiondigitalgranformato.es\/producto\/rollup-economico-estandar\/#breadcrumb"},"inLanguage":"pt-PT","potentialAction":[{"@type":"ReadAction","target":["https:\/\/impresiondigitalgranformato.es\/producto\/rollup-economico-estandar\/"]}]},{"@type":"ImageObject","inLanguage":"pt-PT","@id":"https:\/\/impresiondigitalgranformato.es\/producto\/rollup-economico-estandar\/#primaryimage","url":"https:\/\/i0.wp.com\/impresiondigitalgranformato.es\/wp-content\/uploads\/2019\/09\/rollup-economico-estandar.png?fit=473%2C473&ssl=1","contentUrl":"https:\/\/i0.wp.com\/impresiondigitalgranformato.es\/wp-content\/uploads\/2019\/09\/rollup-economico-estandar.png?fit=473%2C473&ssl=1","width":473,"height":473,"caption":"rollup econ\u00f3mico est\u00e1ndar"},{"@type":"BreadcrumbList","@id":"https:\/\/impresiondigitalgranformato.es\/producto\/rollup-economico-estandar\/#breadcrumb","itemListElement":[{"@type":"ListItem","position":1,"name":"Portada","item":"https:\/\/impresiondigitalgranformato.es\/"},{"@type":"ListItem","position":2,"name":"Productos","item":"https:\/\/impresiondigitalgranformato.es\/venta-roll-up-banner\/"},{"@type":"ListItem","position":3,"name":"rollup est\u00e1ndar"}]},{"@type":"WebSite","@id":"https:\/\/impresiondigitalgranformato.es\/#website","url":"https:\/\/impresiondigitalgranformato.es\/","name":"Os mais baratos","description":"impress\u00e3o digital de grande formato venda de roll up, banners, bandeiras, faixas, lonas, cartazes, expositores, an\u00fancios","publisher":{"@id":"https:\/\/impresiondigitalgranformato.es\/#organization"},"potentialAction":[{"@type":"SearchAction","target":{"@type":"EntryPoint","urlTemplate":"https:\/\/impresiondigitalgranformato.es\/?s={search_term_string}"},"query-input":{"@type":"PropertyValueSpecification","valueRequired":true,"valueName":"search_term_string"}}],"inLanguage":"pt-PT"},{"@type":"Organization","@id":"https:\/\/impresiondigitalgranformato.es\/#organization","name":"Os mais baratos","url":"https:\/\/impresiondigitalgranformato.es\/","logo":{"@type":"ImageObject","inLanguage":"pt-PT","@id":"https:\/\/impresiondigitalgranformato.es\/#\/schema\/logo\/image\/","url":"https:\/\/i0.wp.com\/impresiondigitalgranformato.es\/wp-content\/uploads\/2016\/12\/cropped-logotipo-2-e1483373659766.png?fit=500%2C101&ssl=1","contentUrl":"https:\/\/i0.wp.com\/impresiondigitalgranformato.es\/wp-content\/uploads\/2016\/12\/cropped-logotipo-2-e1483373659766.png?fit=500%2C101&ssl=1","width":500,"height":101,"caption":"Los + baratos"},"image":{"@id":"https:\/\/impresiondigitalgranformato.es\/#\/schema\/logo\/image\/"}}]}},"jetpack_sharing_enabled":true,"_links":{"self":[{"href":"https:\/\/impresiondigitalgranformato.es\/pt\/wp-json\/wp\/v2\/product\/5447","targetHints":{"allow":["GET"]}}],"collection":[{"href":"https:\/\/impresiondigitalgranformato.es\/pt\/wp-json\/wp\/v2\/product"}],"about":[{"href":"https:\/\/impresiondigitalgranformato.es\/pt\/wp-json\/wp\/v2\/types\/product"}],"replies":[{"embeddable":true,"href":"https:\/\/impresiondigitalgranformato.es\/pt\/wp-json\/wp\/v2\/comments?post=5447"}],"wp:featuredmedia":[{"embeddable":true,"href":"https:\/\/impresiondigitalgranformato.es\/pt\/wp-json\/wp\/v2\/media\/5448"}],"wp:attachment":[{"href":"https:\/\/impresiondigitalgranformato.es\/pt\/wp-json\/wp\/v2\/media?parent=5447"}],"wp:term":[{"taxonomy":"product_brand","embeddable":true,"href":"https:\/\/impresiondigitalgranformato.es\/pt\/wp-json\/wp\/v2\/product_brand?post=5447"},{"taxonomy":"product_cat","embeddable":true,"href":"https:\/\/impresiondigitalgranformato.es\/pt\/wp-json\/wp\/v2\/product_cat?post=5447"},{"taxonomy":"product_tag","embeddable":true,"href":"https:\/\/impresiondigitalgranformato.es\/pt\/wp-json\/wp\/v2\/product_tag?post=5447"}],"curies":[{"name":"wp","href":"https:\/\/api.w.org\/{rel}","templated":true}]}}