{"id":5532,"date":"2019-09-06T19:27:59","date_gmt":"2019-09-06T17:27:59","guid":{"rendered":"http:\/\/impresiondigitalgranformato.es\/?post_type=product&#038;p=5532"},"modified":"2025-07-04T18:10:11","modified_gmt":"2025-07-04T16:10:11","slug":"rollup-premium-economico","status":"publish","type":"product","link":"https:\/\/impresiondigitalgranformato.es\/pt\/producto\/rollup-premium-economico\/","title":{"rendered":"rollup PREMIUM"},"content":{"rendered":"<h2><span style=\"color: #333333;\">Econ\u00f3mica Premium roll up<\/span><\/h2>\n<h2>QUALIDADE! feito em rolo<\/h2>\n<p><span style=\"color: #333333;\">A estrutura do rollup da classe econ\u00f3mica premium \u00e9 constitu\u00edda por um <strong>alum\u00ednio mais resistente<\/strong> e inclui um <strong>vime inferior<\/strong>\u00a0para melhorar a <strong>estabilidade<\/strong> gra\u00e7as ao seu peso.<\/span><\/p>\n<p><span style=\"color: #333333;\">O\u00a0<strong>a cobertura \u00e9 almofadada<\/strong> para uma maior durabilidade do enrolamento durante o transporte.<\/span><\/p>\n<p><span style=\"color: #333333;\">O gr\u00e1fico do cartaz em rolo \u00e9 feito de tela de pvc de 450 gr. com um acabamento acetinado. <strong>(para evitar rasg\u00f5es e rugas)<\/strong><\/span><\/p>\n<p><span style=\"color: #333333;\">A impress\u00e3o do grafismo de enrolar da classe econ\u00f3mica premium \u00e9 efectuada em <strong>impress\u00e3o digital de alta qualidade<\/strong><\/span><\/p>\n<p>V\u00e1rios tamanhos \u00e0 sua escolha no roll up econ\u00f3mico premium: 60 x 200 cm, 80 x 200 cm, 85 x 200 cm, 100 x 200 cm, 120 x 200 cm e outros tamb\u00e9m. <strong>ser\u00e1 utilizado como photocall:<\/strong> 150 x 200 cm, 175 x 200 cm, 200 x 200 cm, 220 x 200 cm e 240 x 200 cm. <a href=\"https:\/\/impresiondigitalgranformato.es\/pt\/categoria-produto\/photocall-barato\/\">temos tamb\u00e9m uma sec\u00e7\u00e3o para comprar photocalls.<\/a><\/p>\n<p>&nbsp;<\/p>\n<h4>Os rolos<\/h4>\n<p>S\u00e3o uma ferramenta para publicitar os seus produtos ou servi\u00e7os que <a href=\"https:\/\/www.diarioinformacion.com\/blogs\/diseno-y-marketing\/roll-up-la-nueva-moda-del-marketing-publicitario.html\" target=\"_blank\" rel=\"noopener\">\u00e9 cada vez mais utilizado<\/a>. Para feiras, congressos, pontos de venda ou simplesmente para sinaliza\u00e7\u00e3o. A sua facilidade de montagem e desmontagem e o seu peso reduzido fazem deste banner enrol\u00e1vel um dos mais utilizados na prepara\u00e7\u00e3o de eventos. Obtenha uma publicidade econ\u00f3mica e duradoura.<\/p>\n<p>&nbsp;<\/p>\n<p><span style=\"color: #ff0000;\">DESCONTOS POR QUANTIDADE !!!<\/span><\/p>\n<p><strong>Este produto pode ser entregue em 24 horas*.<\/strong><\/p>\n<p><strong>**<\/strong>\u00a0da 1\u00aa unidade<\/p>\n<p data-pbs-phone-margin-bottom=\"18px\"><span style=\"color: #000080;\"><strong>Diferentes tipos de transporte:<\/strong><\/span><\/p>\n<p data-pbs-phone-margin-bottom=\"18px\"><strong>Produ\u00e7\u00e3o e entrega no prazo de 1 dia \u00fatil\u00a0<\/strong>(*este servi\u00e7o s\u00f3 \u00e9 v\u00e1lido para encomendas confirmadas antes das 11h30 do dia em curso).<\/p>\n<p data-pbs-phone-margin-bottom=\"18px\"><strong>Produ\u00e7\u00e3o e entrega no prazo de 2 dias \u00fateis<\/strong><\/p>\n<p data-pbs-phone-margin-bottom=\"18px\"><strong>Produ\u00e7\u00e3o e entrega no prazo de 4 dias \u00fateis<\/strong><\/p>\n<p data-pbs-phone-margin-bottom=\"18px\"><strong>Produ\u00e7\u00e3o e entrega no prazo de 8 dias \u00fateis<\/strong><\/p>","protected":false},"excerpt":{"rendered":"<p><strong>Econ\u00f3mica Premium roll up<\/strong><\/p>\n<p><span style=\"color: #ff0000;\">DESCONTOS POR QUANTIDADE !!!<\/span><\/p>\n<p><strong>Envio gratuito<\/strong>\u00a0da 1\u00aa unidade<\/p>\n<p><a href=\"https:\/\/impresiondigitalgranformato.es\/pt\/roll-up\/\"><img loading=\"lazy\" decoding=\"async\" class=\"size-full wp-image-12936 alignnone\" src=\"https:\/\/impresiondigitalgranformato.es\/wp-content\/uploads\/2019\/09\/impresion-digital-mas-modelos.png\" alt=\"impress\u00e3o digital mais modelos\" width=\"468\" height=\"61\" srcset=\"https:\/\/i0.wp.com\/impresiondigitalgranformato.es\/wp-content\/uploads\/2019\/09\/impresion-digital-mas-modelos.png?w=468&amp;ssl=1 468w, https:\/\/i0.wp.com\/impresiondigitalgranformato.es\/wp-content\/uploads\/2019\/09\/impresion-digital-mas-modelos.png?resize=100%2C13&amp;ssl=1 100w, https:\/\/i0.wp.com\/impresiondigitalgranformato.es\/wp-content\/uploads\/2019\/09\/impresion-digital-mas-modelos.png?resize=150%2C20&amp;ssl=1 150w, https:\/\/i0.wp.com\/impresiondigitalgranformato.es\/wp-content\/uploads\/2019\/09\/impresion-digital-mas-modelos.png?resize=200%2C26&amp;ssl=1 200w, https:\/\/i0.wp.com\/impresiondigitalgranformato.es\/wp-content\/uploads\/2019\/09\/impresion-digital-mas-modelos.png?resize=300%2C39&amp;ssl=1 300w, https:\/\/i0.wp.com\/impresiondigitalgranformato.es\/wp-content\/uploads\/2019\/09\/impresion-digital-mas-modelos.png?resize=450%2C59&amp;ssl=1 450w\" sizes=\"auto, (max-width: 468px) 100vw, 468px\" \/><\/a><\/p>","protected":false},"featured_media":5534,"comment_status":"open","ping_status":"closed","template":"","meta":[],"product_brand":[],"product_cat":[24],"product_tag":[86],"class_list":{"0":"post-5532","1":"product","2":"type-product","3":"status-publish","4":"has-post-thumbnail","6":"product_cat-roll-up-baratos","7":"product_tag-photocall-eventos-fiestas","9":"first","10":"instock","11":"sold-individually","12":"taxable","13":"shipping-taxable","14":"purchasable","15":"product-type-simple"},"yoast_head":"<!-- This site is optimized with the Yoast SEO plugin v27.4 - https:\/\/yoast.com\/product\/yoast-seo-wordpress\/ -->\n<title>rollup economico premium - Env\u00edo Gratuito - Los + baratos<\/title>\n<meta name=\"description\" content=\"rollup econ\u00f3mico premium. Estructura mas fuerte, grafica en lona, bolsa de transporte del rollup acolchada y como siempre barato. la calidad hecha rollup.\" \/>\n<meta name=\"robots\" content=\"index, follow, max-snippet:-1, max-image-preview:large, max-video-preview:-1\" \/>\n<link rel=\"canonical\" href=\"https:\/\/impresiondigitalgranformato.es\/pt\/produto\/rollup-premium-economico\/\" \/>\n<meta property=\"og:locale\" content=\"pt_PT\" \/>\n<meta property=\"og:type\" content=\"article\" \/>\n<meta property=\"og:title\" content=\"rollup economico premium - Env\u00edo Gratuito - Los + baratos\" \/>\n<meta property=\"og:description\" content=\"rollup econ\u00f3mico premium. Estructura mas fuerte, grafica en lona, bolsa de transporte del rollup acolchada y como siempre barato. la calidad hecha rollup.\" \/>\n<meta property=\"og:url\" content=\"https:\/\/impresiondigitalgranformato.es\/pt\/produto\/rollup-premium-economico\/\" \/>\n<meta property=\"og:site_name\" content=\"Los + baratos\" \/>\n<meta property=\"article:modified_time\" content=\"2025-07-04T16:10:11+00:00\" \/>\n<meta property=\"og:image\" content=\"http:\/\/impresiondigitalgranformato.es\/wp-content\/uploads\/2019\/09\/rollup-economico-premium.png\" \/>\n\t<meta property=\"og:image:width\" content=\"473\" \/>\n\t<meta property=\"og:image:height\" content=\"473\" \/>\n\t<meta property=\"og:image:type\" content=\"image\/png\" \/>\n<meta name=\"twitter:card\" content=\"summary_large_image\" \/>\n<meta name=\"twitter:label1\" content=\"Tempo estimado de leitura\" \/>\n\t<meta name=\"twitter:data1\" content=\"2 minutos\" \/>\n<script type=\"application\/ld+json\" class=\"yoast-schema-graph\">{\"@context\":\"https:\\\/\\\/schema.org\",\"@graph\":[{\"@type\":\"WebPage\",\"@id\":\"https:\\\/\\\/impresiondigitalgranformato.es\\\/producto\\\/rollup-premium-economico\\\/\",\"url\":\"https:\\\/\\\/impresiondigitalgranformato.es\\\/producto\\\/rollup-premium-economico\\\/\",\"name\":\"rollup economico premium - Env\u00edo Gratuito - Los + baratos\",\"isPartOf\":{\"@id\":\"https:\\\/\\\/impresiondigitalgranformato.es\\\/#website\"},\"primaryImageOfPage\":{\"@id\":\"https:\\\/\\\/impresiondigitalgranformato.es\\\/producto\\\/rollup-premium-economico\\\/#primaryimage\"},\"image\":{\"@id\":\"https:\\\/\\\/impresiondigitalgranformato.es\\\/producto\\\/rollup-premium-economico\\\/#primaryimage\"},\"thumbnailUrl\":\"https:\\\/\\\/i0.wp.com\\\/impresiondigitalgranformato.es\\\/wp-content\\\/uploads\\\/2019\\\/09\\\/rollup-economico-premium.png?fit=473%2C473&ssl=1\",\"datePublished\":\"2019-09-06T17:27:59+00:00\",\"dateModified\":\"2025-07-04T16:10:11+00:00\",\"description\":\"rollup econ\u00f3mico premium. Estructura mas fuerte, grafica en lona, bolsa de transporte del rollup acolchada y como siempre barato. la calidad hecha rollup.\",\"breadcrumb\":{\"@id\":\"https:\\\/\\\/impresiondigitalgranformato.es\\\/producto\\\/rollup-premium-economico\\\/#breadcrumb\"},\"inLanguage\":\"pt-PT\",\"potentialAction\":[{\"@type\":\"ReadAction\",\"target\":[\"https:\\\/\\\/impresiondigitalgranformato.es\\\/producto\\\/rollup-premium-economico\\\/\"]}]},{\"@type\":\"ImageObject\",\"inLanguage\":\"pt-PT\",\"@id\":\"https:\\\/\\\/impresiondigitalgranformato.es\\\/producto\\\/rollup-premium-economico\\\/#primaryimage\",\"url\":\"https:\\\/\\\/i0.wp.com\\\/impresiondigitalgranformato.es\\\/wp-content\\\/uploads\\\/2019\\\/09\\\/rollup-economico-premium.png?fit=473%2C473&ssl=1\",\"contentUrl\":\"https:\\\/\\\/i0.wp.com\\\/impresiondigitalgranformato.es\\\/wp-content\\\/uploads\\\/2019\\\/09\\\/rollup-economico-premium.png?fit=473%2C473&ssl=1\",\"width\":473,\"height\":473,\"caption\":\"rollup barato premium\"},{\"@type\":\"BreadcrumbList\",\"@id\":\"https:\\\/\\\/impresiondigitalgranformato.es\\\/producto\\\/rollup-premium-economico\\\/#breadcrumb\",\"itemListElement\":[{\"@type\":\"ListItem\",\"position\":1,\"name\":\"Portada\",\"item\":\"https:\\\/\\\/impresiondigitalgranformato.es\\\/\"},{\"@type\":\"ListItem\",\"position\":2,\"name\":\"Productos\",\"item\":\"https:\\\/\\\/impresiondigitalgranformato.es\\\/venta-roll-up-banner\\\/\"},{\"@type\":\"ListItem\",\"position\":3,\"name\":\"rollup PREMIUM\"}]},{\"@type\":\"WebSite\",\"@id\":\"https:\\\/\\\/impresiondigitalgranformato.es\\\/#website\",\"url\":\"https:\\\/\\\/impresiondigitalgranformato.es\\\/\",\"name\":\"Los + baratos\",\"description\":\"impresi\u00f3n digital gran formato venta de roll up, banner, banderas, lonas, carteles, displays, publicidad\",\"publisher\":{\"@id\":\"https:\\\/\\\/impresiondigitalgranformato.es\\\/#organization\"},\"potentialAction\":[{\"@type\":\"SearchAction\",\"target\":{\"@type\":\"EntryPoint\",\"urlTemplate\":\"https:\\\/\\\/impresiondigitalgranformato.es\\\/?s={search_term_string}\"},\"query-input\":{\"@type\":\"PropertyValueSpecification\",\"valueRequired\":true,\"valueName\":\"search_term_string\"}}],\"inLanguage\":\"pt-PT\"},{\"@type\":\"Organization\",\"@id\":\"https:\\\/\\\/impresiondigitalgranformato.es\\\/#organization\",\"name\":\"Los + baratos\",\"url\":\"https:\\\/\\\/impresiondigitalgranformato.es\\\/\",\"logo\":{\"@type\":\"ImageObject\",\"inLanguage\":\"pt-PT\",\"@id\":\"https:\\\/\\\/impresiondigitalgranformato.es\\\/#\\\/schema\\\/logo\\\/image\\\/\",\"url\":\"https:\\\/\\\/i0.wp.com\\\/impresiondigitalgranformato.es\\\/wp-content\\\/uploads\\\/2016\\\/12\\\/cropped-logotipo-2-e1483373659766.png?fit=500%2C101&ssl=1\",\"contentUrl\":\"https:\\\/\\\/i0.wp.com\\\/impresiondigitalgranformato.es\\\/wp-content\\\/uploads\\\/2016\\\/12\\\/cropped-logotipo-2-e1483373659766.png?fit=500%2C101&ssl=1\",\"width\":500,\"height\":101,\"caption\":\"Los + baratos\"},\"image\":{\"@id\":\"https:\\\/\\\/impresiondigitalgranformato.es\\\/#\\\/schema\\\/logo\\\/image\\\/\"}}]}<\/script>\n<!-- \/ Yoast SEO plugin. -->","yoast_head_json":{"title":"rollup economico premium - Frete gr\u00e1tis - O + barato","description":"rollup econ\u00f3mico premium. Estrutura mais forte, gr\u00e1ficos em lona, saco de transporte acolchoado e, como sempre, barato.","robots":{"index":"index","follow":"follow","max-snippet":"max-snippet:-1","max-image-preview":"max-image-preview:large","max-video-preview":"max-video-preview:-1"},"canonical":"https:\/\/impresiondigitalgranformato.es\/pt\/produto\/rollup-premium-economico\/","og_locale":"pt_PT","og_type":"article","og_title":"rollup economico premium - Env\u00edo Gratuito - Los + baratos","og_description":"rollup econ\u00f3mico premium. Estructura mas fuerte, grafica en lona, bolsa de transporte del rollup acolchada y como siempre barato. la calidad hecha rollup.","og_url":"https:\/\/impresiondigitalgranformato.es\/pt\/produto\/rollup-premium-economico\/","og_site_name":"Los + baratos","article_modified_time":"2025-07-04T16:10:11+00:00","og_image":[{"width":473,"height":473,"url":"http:\/\/impresiondigitalgranformato.es\/wp-content\/uploads\/2019\/09\/rollup-economico-premium.png","type":"image\/png"}],"twitter_card":"summary_large_image","twitter_misc":{"Tempo estimado de leitura":"2 minutos"},"schema":{"@context":"https:\/\/schema.org","@graph":[{"@type":"WebPage","@id":"https:\/\/impresiondigitalgranformato.es\/producto\/rollup-premium-economico\/","url":"https:\/\/impresiondigitalgranformato.es\/producto\/rollup-premium-economico\/","name":"rollup economico premium - Frete gr\u00e1tis - O + barato","isPartOf":{"@id":"https:\/\/impresiondigitalgranformato.es\/#website"},"primaryImageOfPage":{"@id":"https:\/\/impresiondigitalgranformato.es\/producto\/rollup-premium-economico\/#primaryimage"},"image":{"@id":"https:\/\/impresiondigitalgranformato.es\/producto\/rollup-premium-economico\/#primaryimage"},"thumbnailUrl":"https:\/\/i0.wp.com\/impresiondigitalgranformato.es\/wp-content\/uploads\/2019\/09\/rollup-economico-premium.png?fit=473%2C473&ssl=1","datePublished":"2019-09-06T17:27:59+00:00","dateModified":"2025-07-04T16:10:11+00:00","description":"rollup econ\u00f3mico premium. Estrutura mais forte, gr\u00e1ficos em lona, saco de transporte acolchoado e, como sempre, barato.","breadcrumb":{"@id":"https:\/\/impresiondigitalgranformato.es\/producto\/rollup-premium-economico\/#breadcrumb"},"inLanguage":"pt-PT","potentialAction":[{"@type":"ReadAction","target":["https:\/\/impresiondigitalgranformato.es\/producto\/rollup-premium-economico\/"]}]},{"@type":"ImageObject","inLanguage":"pt-PT","@id":"https:\/\/impresiondigitalgranformato.es\/producto\/rollup-premium-economico\/#primaryimage","url":"https:\/\/i0.wp.com\/impresiondigitalgranformato.es\/wp-content\/uploads\/2019\/09\/rollup-economico-premium.png?fit=473%2C473&ssl=1","contentUrl":"https:\/\/i0.wp.com\/impresiondigitalgranformato.es\/wp-content\/uploads\/2019\/09\/rollup-economico-premium.png?fit=473%2C473&ssl=1","width":473,"height":473,"caption":"rollup barato premium"},{"@type":"BreadcrumbList","@id":"https:\/\/impresiondigitalgranformato.es\/producto\/rollup-premium-economico\/#breadcrumb","itemListElement":[{"@type":"ListItem","position":1,"name":"Portada","item":"https:\/\/impresiondigitalgranformato.es\/"},{"@type":"ListItem","position":2,"name":"Productos","item":"https:\/\/impresiondigitalgranformato.es\/venta-roll-up-banner\/"},{"@type":"ListItem","position":3,"name":"rollup PREMIUM"}]},{"@type":"WebSite","@id":"https:\/\/impresiondigitalgranformato.es\/#website","url":"https:\/\/impresiondigitalgranformato.es\/","name":"Os mais baratos","description":"impress\u00e3o digital de grande formato venda de roll up, banners, bandeiras, faixas, lonas, cartazes, expositores, an\u00fancios","publisher":{"@id":"https:\/\/impresiondigitalgranformato.es\/#organization"},"potentialAction":[{"@type":"SearchAction","target":{"@type":"EntryPoint","urlTemplate":"https:\/\/impresiondigitalgranformato.es\/?s={search_term_string}"},"query-input":{"@type":"PropertyValueSpecification","valueRequired":true,"valueName":"search_term_string"}}],"inLanguage":"pt-PT"},{"@type":"Organization","@id":"https:\/\/impresiondigitalgranformato.es\/#organization","name":"Os mais baratos","url":"https:\/\/impresiondigitalgranformato.es\/","logo":{"@type":"ImageObject","inLanguage":"pt-PT","@id":"https:\/\/impresiondigitalgranformato.es\/#\/schema\/logo\/image\/","url":"https:\/\/i0.wp.com\/impresiondigitalgranformato.es\/wp-content\/uploads\/2016\/12\/cropped-logotipo-2-e1483373659766.png?fit=500%2C101&ssl=1","contentUrl":"https:\/\/i0.wp.com\/impresiondigitalgranformato.es\/wp-content\/uploads\/2016\/12\/cropped-logotipo-2-e1483373659766.png?fit=500%2C101&ssl=1","width":500,"height":101,"caption":"Los + baratos"},"image":{"@id":"https:\/\/impresiondigitalgranformato.es\/#\/schema\/logo\/image\/"}}]}},"jetpack_sharing_enabled":true,"_links":{"self":[{"href":"https:\/\/impresiondigitalgranformato.es\/pt\/wp-json\/wp\/v2\/product\/5532","targetHints":{"allow":["GET"]}}],"collection":[{"href":"https:\/\/impresiondigitalgranformato.es\/pt\/wp-json\/wp\/v2\/product"}],"about":[{"href":"https:\/\/impresiondigitalgranformato.es\/pt\/wp-json\/wp\/v2\/types\/product"}],"replies":[{"embeddable":true,"href":"https:\/\/impresiondigitalgranformato.es\/pt\/wp-json\/wp\/v2\/comments?post=5532"}],"wp:featuredmedia":[{"embeddable":true,"href":"https:\/\/impresiondigitalgranformato.es\/pt\/wp-json\/wp\/v2\/media\/5534"}],"wp:attachment":[{"href":"https:\/\/impresiondigitalgranformato.es\/pt\/wp-json\/wp\/v2\/media?parent=5532"}],"wp:term":[{"taxonomy":"product_brand","embeddable":true,"href":"https:\/\/impresiondigitalgranformato.es\/pt\/wp-json\/wp\/v2\/product_brand?post=5532"},{"taxonomy":"product_cat","embeddable":true,"href":"https:\/\/impresiondigitalgranformato.es\/pt\/wp-json\/wp\/v2\/product_cat?post=5532"},{"taxonomy":"product_tag","embeddable":true,"href":"https:\/\/impresiondigitalgranformato.es\/pt\/wp-json\/wp\/v2\/product_tag?post=5532"}],"curies":[{"name":"wp","href":"https:\/\/api.w.org\/{rel}","templated":true}]}}